{"id":104,"date":"2023-04-12T18:04:10","date_gmt":"2023-04-12T16:04:10","guid":{"rendered":"https:\/\/saxophonunterricht-lorsch.de\/?page_id=104"},"modified":"2025-07-02T08:59:02","modified_gmt":"2025-07-02T06:59:02","slug":"tarife","status":"publish","type":"page","link":"https:\/\/saxophonunterricht-lorsch.de\/?page_id=104","title":{"rendered":"Tarife"},"content":{"rendered":"\n<div class=\"wp-block-columns is-layout-flex wp-container-core-columns-is-layout-9d6595d7 wp-block-columns-is-layout-flex\">\n<div class=\"wp-block-column is-layout-flow wp-block-column-is-layout-flow\" style=\"flex-basis:33.33%\">\n<figure class=\"wp-block-image size-large is-resized\"><img loading=\"lazy\" decoding=\"async\" width=\"542\" height=\"1024\" src=\"https:\/\/saxophonunterricht-lorsch.de\/wp-content\/uploads\/2023\/01\/IMG_0357-542x1024.jpeg\" alt=\"\" class=\"wp-image-105\" style=\"width:204px;height:386px\" srcset=\"https:\/\/saxophonunterricht-lorsch.de\/wp-content\/uploads\/2023\/01\/IMG_0357-542x1024.jpeg 542w, https:\/\/saxophonunterricht-lorsch.de\/wp-content\/uploads\/2023\/01\/IMG_0357-159x300.jpeg 159w, https:\/\/saxophonunterricht-lorsch.de\/wp-content\/uploads\/2023\/01\/IMG_0357.jpeg 677w\" sizes=\"auto, (max-width: 542px) 100vw, 542px\" \/><figcaption class=\"wp-element-caption\">Foto: Steffen M\u00fcller-Kaiser<\/figcaption><\/figure>\n<\/div>\n\n\n\n<div class=\"wp-block-column is-layout-flow wp-block-column-is-layout-flow\" style=\"flex-basis:66.66%\">\n<p>Ich biete Unterrichtseinheiten zu 30Minuten, 45 Minuten oder 60 Minuten an. Die genauen Konditionen teile ich Ihnen gerne per Mail oder in einem kostenlosen Beratungsgespr\u00e4ch mit.  Ich freue mich \u00fcber Ihre unverbindliche Anfrage, die Sie unter dem Men\u00fcpunkt Kontakt an mich richten k\u00f6nnen!<\/p>\n<\/div>\n<\/div>\n","protected":false},"excerpt":{"rendered":"<p>Ich biete Unterrichtseinheiten zu 30Minuten, 45 Minuten oder 60 Minuten an. Die genauen Konditionen teile ich Ihnen gerne per Mail oder in einem kostenlosen Beratungsgespr\u00e4ch mit. Ich freue mich \u00fcber Ihre unverbindliche Anfrage, die Sie unter dem Men\u00fcpunkt Kontakt an mich richten k\u00f6nnen!<\/p>\n","protected":false},"author":1,"featured_media":0,"parent":0,"menu_order":40,"comment_status":"closed","ping_status":"closed","template":"","meta":{"footnotes":""},"class_list":["post-104","page","type-page","status-publish","hentry"],"yoast_head":"<!-- This site is optimized with the Yoast SEO plugin v20.7 - https:\/\/yoast.com\/wordpress\/plugins\/seo\/ -->\n<title>Tarife - Saxophonunterricht Lorsch<\/title>\n<meta name=\"description\" content=\"Das kostet der Saxophonunterricht. Es gibt Unterrichtseinheiten von 30 oder 45 Minuten pro Woche. Andere Einheiten auf Anfrage.\" \/>\n<meta name=\"robots\" content=\"index, follow, max-snippet:-1, max-image-preview:large, max-video-preview:-1\" \/>\n<link rel=\"canonical\" href=\"https:\/\/saxophonunterricht-lorsch.de\/?page_id=104\" \/>\n<meta property=\"og:locale\" content=\"de_DE\" \/>\n<meta property=\"og:type\" content=\"article\" \/>\n<meta property=\"og:title\" content=\"Tarife - Saxophonunterricht Lorsch\" \/>\n<meta property=\"og:description\" content=\"Das kostet der Saxophonunterricht. Es gibt Unterrichtseinheiten von 30 oder 45 Minuten pro Woche. Andere Einheiten auf Anfrage.\" \/>\n<meta property=\"og:url\" content=\"https:\/\/saxophonunterricht-lorsch.de\/?page_id=104\" \/>\n<meta property=\"og:site_name\" content=\"Saxophonunterricht Lorsch\" \/>\n<meta property=\"article:modified_time\" content=\"2025-07-02T06:59:02+00:00\" \/>\n<meta property=\"og:image\" content=\"https:\/\/saxophonunterricht-lorsch.de\/wp-content\/uploads\/2023\/01\/IMG_0357-542x1024.jpeg\" \/>\n<meta name=\"twitter:card\" content=\"summary_large_image\" \/>\n<meta name=\"twitter:label1\" content=\"Gesch\u00e4tzte Lesezeit\" \/>\n\t<meta name=\"twitter:data1\" content=\"1\u00a0Minute\" \/>\n<script type=\"application\/ld+json\" class=\"yoast-schema-graph\">{\"@context\":\"https:\/\/schema.org\",\"@graph\":[{\"@type\":\"WebPage\",\"@id\":\"https:\/\/saxophonunterricht-lorsch.de\/?page_id=104\",\"url\":\"https:\/\/saxophonunterricht-lorsch.de\/?page_id=104\",\"name\":\"Tarife - Saxophonunterricht Lorsch\",\"isPartOf\":{\"@id\":\"https:\/\/saxophonunterricht-lorsch.de\/#website\"},\"datePublished\":\"2023-04-12T16:04:10+00:00\",\"dateModified\":\"2025-07-02T06:59:02+00:00\",\"description\":\"Das kostet der Saxophonunterricht. Es gibt Unterrichtseinheiten von 30 oder 45 Minuten pro Woche. Andere Einheiten auf Anfrage.\",\"breadcrumb\":{\"@id\":\"https:\/\/saxophonunterricht-lorsch.de\/?page_id=104#breadcrumb\"},\"inLanguage\":\"de\",\"potentialAction\":[{\"@type\":\"ReadAction\",\"target\":[\"https:\/\/saxophonunterricht-lorsch.de\/?page_id=104\"]}]},{\"@type\":\"BreadcrumbList\",\"@id\":\"https:\/\/saxophonunterricht-lorsch.de\/?page_id=104#breadcrumb\",\"itemListElement\":[{\"@type\":\"ListItem\",\"position\":1,\"name\":\"Startseite\",\"item\":\"https:\/\/saxophonunterricht-lorsch.de\/\"},{\"@type\":\"ListItem\",\"position\":2,\"name\":\"Tarife\"}]},{\"@type\":\"WebSite\",\"@id\":\"https:\/\/saxophonunterricht-lorsch.de\/#website\",\"url\":\"https:\/\/saxophonunterricht-lorsch.de\/\",\"name\":\"Saxophonunterricht Lorsch\",\"description\":\"Qualifizierter Saxophonunterricht in Lorsch, Bensheim, Heppenheim an der Bergstra\u00dfe\",\"publisher\":{\"@id\":\"https:\/\/saxophonunterricht-lorsch.de\/#organization\"},\"potentialAction\":[{\"@type\":\"SearchAction\",\"target\":{\"@type\":\"EntryPoint\",\"urlTemplate\":\"https:\/\/saxophonunterricht-lorsch.de\/?s={search_term_string}\"},\"query-input\":\"required name=search_term_string\"}],\"inLanguage\":\"de\"},{\"@type\":\"Organization\",\"@id\":\"https:\/\/saxophonunterricht-lorsch.de\/#organization\",\"name\":\"Saxophonunterricht Lorsch\",\"alternateName\":\"Instrumentalunterricht\",\"url\":\"https:\/\/saxophonunterricht-lorsch.de\/\",\"logo\":{\"@type\":\"ImageObject\",\"inLanguage\":\"de\",\"@id\":\"https:\/\/saxophonunterricht-lorsch.de\/#\/schema\/logo\/image\/\",\"url\":\"https:\/\/saxophonunterricht-lorsch.de\/wp-content\/uploads\/2023\/01\/Scan-1.jpeg\",\"contentUrl\":\"https:\/\/saxophonunterricht-lorsch.de\/wp-content\/uploads\/2023\/01\/Scan-1.jpeg\",\"width\":960,\"height\":1188,\"caption\":\"Saxophonunterricht Lorsch\"},\"image\":{\"@id\":\"https:\/\/saxophonunterricht-lorsch.de\/#\/schema\/logo\/image\/\"}}]}<\/script>\n<!-- \/ Yoast SEO plugin. -->","yoast_head_json":{"title":"Tarife - Saxophonunterricht Lorsch","description":"Das kostet der Saxophonunterricht. Es gibt Unterrichtseinheiten von 30 oder 45 Minuten pro Woche. Andere Einheiten auf Anfrage.","robots":{"index":"index","follow":"follow","max-snippet":"max-snippet:-1","max-image-preview":"max-image-preview:large","max-video-preview":"max-video-preview:-1"},"canonical":"https:\/\/saxophonunterricht-lorsch.de\/?page_id=104","og_locale":"de_DE","og_type":"article","og_title":"Tarife - Saxophonunterricht Lorsch","og_description":"Das kostet der Saxophonunterricht. Es gibt Unterrichtseinheiten von 30 oder 45 Minuten pro Woche. Andere Einheiten auf Anfrage.","og_url":"https:\/\/saxophonunterricht-lorsch.de\/?page_id=104","og_site_name":"Saxophonunterricht Lorsch","article_modified_time":"2025-07-02T06:59:02+00:00","og_image":[{"url":"https:\/\/saxophonunterricht-lorsch.de\/wp-content\/uploads\/2023\/01\/IMG_0357-542x1024.jpeg"}],"twitter_card":"summary_large_image","twitter_misc":{"Gesch\u00e4tzte Lesezeit":"1\u00a0Minute"},"schema":{"@context":"https:\/\/schema.org","@graph":[{"@type":"WebPage","@id":"https:\/\/saxophonunterricht-lorsch.de\/?page_id=104","url":"https:\/\/saxophonunterricht-lorsch.de\/?page_id=104","name":"Tarife - Saxophonunterricht Lorsch","isPartOf":{"@id":"https:\/\/saxophonunterricht-lorsch.de\/#website"},"datePublished":"2023-04-12T16:04:10+00:00","dateModified":"2025-07-02T06:59:02+00:00","description":"Das kostet der Saxophonunterricht. Es gibt Unterrichtseinheiten von 30 oder 45 Minuten pro Woche. Andere Einheiten auf Anfrage.","breadcrumb":{"@id":"https:\/\/saxophonunterricht-lorsch.de\/?page_id=104#breadcrumb"},"inLanguage":"de","potentialAction":[{"@type":"ReadAction","target":["https:\/\/saxophonunterricht-lorsch.de\/?page_id=104"]}]},{"@type":"BreadcrumbList","@id":"https:\/\/saxophonunterricht-lorsch.de\/?page_id=104#breadcrumb","itemListElement":[{"@type":"ListItem","position":1,"name":"Startseite","item":"https:\/\/saxophonunterricht-lorsch.de\/"},{"@type":"ListItem","position":2,"name":"Tarife"}]},{"@type":"WebSite","@id":"https:\/\/saxophonunterricht-lorsch.de\/#website","url":"https:\/\/saxophonunterricht-lorsch.de\/","name":"Saxophonunterricht Lorsch","description":"Qualifizierter Saxophonunterricht in Lorsch, Bensheim, Heppenheim an der Bergstra\u00dfe","publisher":{"@id":"https:\/\/saxophonunterricht-lorsch.de\/#organization"},"potentialAction":[{"@type":"SearchAction","target":{"@type":"EntryPoint","urlTemplate":"https:\/\/saxophonunterricht-lorsch.de\/?s={search_term_string}"},"query-input":"required name=search_term_string"}],"inLanguage":"de"},{"@type":"Organization","@id":"https:\/\/saxophonunterricht-lorsch.de\/#organization","name":"Saxophonunterricht Lorsch","alternateName":"Instrumentalunterricht","url":"https:\/\/saxophonunterricht-lorsch.de\/","logo":{"@type":"ImageObject","inLanguage":"de","@id":"https:\/\/saxophonunterricht-lorsch.de\/#\/schema\/logo\/image\/","url":"https:\/\/saxophonunterricht-lorsch.de\/wp-content\/uploads\/2023\/01\/Scan-1.jpeg","contentUrl":"https:\/\/saxophonunterricht-lorsch.de\/wp-content\/uploads\/2023\/01\/Scan-1.jpeg","width":960,"height":1188,"caption":"Saxophonunterricht Lorsch"},"image":{"@id":"https:\/\/saxophonunterricht-lorsch.de\/#\/schema\/logo\/image\/"}}]}},"_links":{"self":[{"href":"https:\/\/saxophonunterricht-lorsch.de\/index.php?rest_route=\/wp\/v2\/pages\/104","targetHints":{"allow":["GET"]}}],"collection":[{"href":"https:\/\/saxophonunterricht-lorsch.de\/index.php?rest_route=\/wp\/v2\/pages"}],"about":[{"href":"https:\/\/saxophonunterricht-lorsch.de\/index.php?rest_route=\/wp\/v2\/types\/page"}],"author":[{"embeddable":true,"href":"https:\/\/saxophonunterricht-lorsch.de\/index.php?rest_route=\/wp\/v2\/users\/1"}],"replies":[{"embeddable":true,"href":"https:\/\/saxophonunterricht-lorsch.de\/index.php?rest_route=%2Fwp%2Fv2%2Fcomments&post=104"}],"version-history":[{"count":5,"href":"https:\/\/saxophonunterricht-lorsch.de\/index.php?rest_route=\/wp\/v2\/pages\/104\/revisions"}],"predecessor-version":[{"id":192,"href":"https:\/\/saxophonunterricht-lorsch.de\/index.php?rest_route=\/wp\/v2\/pages\/104\/revisions\/192"}],"wp:attachment":[{"href":"https:\/\/saxophonunterricht-lorsch.de\/index.php?rest_route=%2Fwp%2Fv2%2Fmedia&parent=104"}],"curies":[{"name":"wp","href":"https:\/\/api.w.org\/{rel}","templated":true}]}}