{"id":114,"date":"2023-04-23T15:50:30","date_gmt":"2023-04-23T13:50:30","guid":{"rendered":"https:\/\/saxophonunterricht-lorsch.de\/?page_id=114"},"modified":"2025-02-24T10:29:35","modified_gmt":"2025-02-24T09:29:35","slug":"willkommen","status":"publish","type":"page","link":"https:\/\/saxophonunterricht-lorsch.de\/","title":{"rendered":"Willkommen"},"content":{"rendered":"\n<div class=\"wp-block-columns is-layout-flex wp-container-core-columns-is-layout-9d6595d7 wp-block-columns-is-layout-flex\">\n<div class=\"wp-block-column is-vertically-aligned-center is-layout-flow wp-block-column-is-layout-flow\">\n<div class=\"wp-block-columns alignfull is-layout-flex wp-container-core-columns-is-layout-9d6595d7 wp-block-columns-is-layout-flex\">\n<div class=\"wp-block-column is-layout-flow wp-block-column-is-layout-flow\" style=\"flex-basis:50%\">\n<figure class=\"wp-block-image size-large\"><img loading=\"lazy\" decoding=\"async\" width=\"683\" height=\"1024\" src=\"https:\/\/saxophonunterricht-lorsch.de\/wp-content\/uploads\/2023\/02\/IMG_3153-683x1024.jpg\" alt=\"\" class=\"wp-image-146\" srcset=\"https:\/\/saxophonunterricht-lorsch.de\/wp-content\/uploads\/2023\/02\/IMG_3153-683x1024.jpg 683w, https:\/\/saxophonunterricht-lorsch.de\/wp-content\/uploads\/2023\/02\/IMG_3153-200x300.jpg 200w, https:\/\/saxophonunterricht-lorsch.de\/wp-content\/uploads\/2023\/02\/IMG_3153-768x1152.jpg 768w, https:\/\/saxophonunterricht-lorsch.de\/wp-content\/uploads\/2023\/02\/IMG_3153-1024x1536.jpg 1024w, https:\/\/saxophonunterricht-lorsch.de\/wp-content\/uploads\/2023\/02\/IMG_3153-1365x2048.jpg 1365w, https:\/\/saxophonunterricht-lorsch.de\/wp-content\/uploads\/2023\/02\/IMG_3153-1200x1800.jpg 1200w, https:\/\/saxophonunterricht-lorsch.de\/wp-content\/uploads\/2023\/02\/IMG_3153-1980x2970.jpg 1980w, https:\/\/saxophonunterricht-lorsch.de\/wp-content\/uploads\/2023\/02\/IMG_3153-scaled.jpg 1707w\" sizes=\"auto, (max-width: 683px) 100vw, 683px\" \/><figcaption class=\"wp-element-caption\">Foto: Nila Kaiser<\/figcaption><\/figure>\n<\/div>\n<\/div>\n<\/div>\n<\/div>\n\n\n\n<p>Herzlich willkommen, auf den Seiten von Saxophonunterricht Lorsch. Ich freue mich das Sie vorbeischauen und sich \u00fcber mein Unterrichtsangebot zum Thema Saxophonunterricht informieren.<\/p>\n\n\n\n<p>Ich w\u00fcnsche Ihnen viel Spa\u00df beim st\u00f6bern!<\/p>\n\n\n\n<p>Viele Gr\u00fc\u00dfe Steffen M\u00fcller-Kaiser<\/p>\n\n\n\n<p>Wenn Sie in Eberstadt oder Darmstadt leben und Saxophonunterricht haben m\u00f6chten, k\u00f6nnen Sie diesen auch im Klangladen Eberstadt bekommen.<\/p>\n\n\n\n<p> <a href=\"https:\/\/www.musikladen-eberstadt.de\/musikunterricht\/steffen-mueller-kaiser\">https:\/\/www.musikladen-eberstadt.de\/musikunterricht\/steffen-mueller-kaiser<\/a><\/p>\n\n\n\n<p><\/p>\n","protected":false},"excerpt":{"rendered":"<p>Herzlich willkommen, auf den Seiten von Saxophonunterricht Lorsch. Ich freue mich das Sie vorbeischauen und sich \u00fcber mein Unterrichtsangebot zum Thema Saxophonunterricht informieren. Ich w\u00fcnsche Ihnen viel Spa\u00df beim st\u00f6bern! Viele Gr\u00fc\u00dfe Steffen M\u00fcller-Kaiser Wenn Sie in Eberstadt oder Darmstadt leben und Saxophonunterricht haben m\u00f6chten, k\u00f6nnen Sie diesen auch im Klangladen Eberstadt bekommen. https:\/\/www.musikladen-eberstadt.de\/musikunterricht\/steffen-mueller-kaiser<\/p>\n","protected":false},"author":1,"featured_media":0,"parent":0,"menu_order":0,"comment_status":"closed","ping_status":"closed","template":"","meta":{"footnotes":""},"class_list":["post-114","page","type-page","status-publish","hentry"],"yoast_head":"<!-- This site is optimized with the Yoast SEO plugin v20.7 - https:\/\/yoast.com\/wordpress\/plugins\/seo\/ -->\n<title>Willkommen - Saxophonunterricht Lorsch<\/title>\n<meta name=\"robots\" content=\"index, follow, max-snippet:-1, max-image-preview:large, max-video-preview:-1\" \/>\n<link rel=\"canonical\" href=\"https:\/\/saxophonunterricht-lorsch.de\/\" \/>\n<meta property=\"og:locale\" content=\"de_DE\" \/>\n<meta property=\"og:type\" content=\"article\" \/>\n<meta property=\"og:title\" content=\"Willkommen - Saxophonunterricht Lorsch\" \/>\n<meta property=\"og:description\" content=\"Herzlich willkommen, auf den Seiten von Saxophonunterricht Lorsch. Ich freue mich das Sie vorbeischauen und sich \u00fcber mein Unterrichtsangebot zum Thema Saxophonunterricht informieren. Ich w\u00fcnsche Ihnen viel Spa\u00df beim st\u00f6bern! Viele Gr\u00fc\u00dfe Steffen M\u00fcller-Kaiser Wenn Sie in Eberstadt oder Darmstadt leben und Saxophonunterricht haben m\u00f6chten, k\u00f6nnen Sie diesen auch im Klangladen Eberstadt bekommen. https:\/\/www.musikladen-eberstadt.de\/musikunterricht\/steffen-mueller-kaiser\" \/>\n<meta property=\"og:url\" content=\"https:\/\/saxophonunterricht-lorsch.de\/\" \/>\n<meta property=\"og:site_name\" content=\"Saxophonunterricht Lorsch\" \/>\n<meta property=\"article:modified_time\" content=\"2025-02-24T09:29:35+00:00\" \/>\n<meta property=\"og:image\" content=\"https:\/\/saxophonunterricht-lorsch.de\/wp-content\/uploads\/2023\/02\/IMG_3153-683x1024.jpg\" \/>\n<meta name=\"twitter:card\" content=\"summary_large_image\" \/>\n<meta name=\"twitter:label1\" content=\"Gesch\u00e4tzte Lesezeit\" \/>\n\t<meta name=\"twitter:data1\" content=\"1\u00a0Minute\" \/>\n<script type=\"application\/ld+json\" class=\"yoast-schema-graph\">{\"@context\":\"https:\/\/schema.org\",\"@graph\":[{\"@type\":\"WebPage\",\"@id\":\"https:\/\/saxophonunterricht-lorsch.de\/\",\"url\":\"https:\/\/saxophonunterricht-lorsch.de\/\",\"name\":\"Willkommen - Saxophonunterricht Lorsch\",\"isPartOf\":{\"@id\":\"https:\/\/saxophonunterricht-lorsch.de\/#website\"},\"datePublished\":\"2023-04-23T13:50:30+00:00\",\"dateModified\":\"2025-02-24T09:29:35+00:00\",\"breadcrumb\":{\"@id\":\"https:\/\/saxophonunterricht-lorsch.de\/#breadcrumb\"},\"inLanguage\":\"de\",\"potentialAction\":[{\"@type\":\"ReadAction\",\"target\":[\"https:\/\/saxophonunterricht-lorsch.de\/\"]}]},{\"@type\":\"BreadcrumbList\",\"@id\":\"https:\/\/saxophonunterricht-lorsch.de\/#breadcrumb\",\"itemListElement\":[{\"@type\":\"ListItem\",\"position\":1,\"name\":\"Startseite\",\"item\":\"https:\/\/saxophonunterricht-lorsch.de\/\"},{\"@type\":\"ListItem\",\"position\":2,\"name\":\"Willkommen\"}]},{\"@type\":\"WebSite\",\"@id\":\"https:\/\/saxophonunterricht-lorsch.de\/#website\",\"url\":\"https:\/\/saxophonunterricht-lorsch.de\/\",\"name\":\"Saxophonunterricht Lorsch\",\"description\":\"Qualifizierter Saxophonunterricht in Lorsch, Bensheim, Heppenheim an der Bergstra\u00dfe\",\"publisher\":{\"@id\":\"https:\/\/saxophonunterricht-lorsch.de\/#organization\"},\"potentialAction\":[{\"@type\":\"SearchAction\",\"target\":{\"@type\":\"EntryPoint\",\"urlTemplate\":\"https:\/\/saxophonunterricht-lorsch.de\/?s={search_term_string}\"},\"query-input\":\"required name=search_term_string\"}],\"inLanguage\":\"de\"},{\"@type\":\"Organization\",\"@id\":\"https:\/\/saxophonunterricht-lorsch.de\/#organization\",\"name\":\"Saxophonunterricht Lorsch\",\"alternateName\":\"Instrumentalunterricht\",\"url\":\"https:\/\/saxophonunterricht-lorsch.de\/\",\"logo\":{\"@type\":\"ImageObject\",\"inLanguage\":\"de\",\"@id\":\"https:\/\/saxophonunterricht-lorsch.de\/#\/schema\/logo\/image\/\",\"url\":\"https:\/\/saxophonunterricht-lorsch.de\/wp-content\/uploads\/2023\/01\/Scan-1.jpeg\",\"contentUrl\":\"https:\/\/saxophonunterricht-lorsch.de\/wp-content\/uploads\/2023\/01\/Scan-1.jpeg\",\"width\":960,\"height\":1188,\"caption\":\"Saxophonunterricht Lorsch\"},\"image\":{\"@id\":\"https:\/\/saxophonunterricht-lorsch.de\/#\/schema\/logo\/image\/\"}}]}<\/script>\n<!-- \/ Yoast SEO plugin. -->","yoast_head_json":{"title":"Willkommen - Saxophonunterricht Lorsch","robots":{"index":"index","follow":"follow","max-snippet":"max-snippet:-1","max-image-preview":"max-image-preview:large","max-video-preview":"max-video-preview:-1"},"canonical":"https:\/\/saxophonunterricht-lorsch.de\/","og_locale":"de_DE","og_type":"article","og_title":"Willkommen - Saxophonunterricht Lorsch","og_description":"Herzlich willkommen, auf den Seiten von Saxophonunterricht Lorsch. Ich freue mich das Sie vorbeischauen und sich \u00fcber mein Unterrichtsangebot zum Thema Saxophonunterricht informieren. Ich w\u00fcnsche Ihnen viel Spa\u00df beim st\u00f6bern! Viele Gr\u00fc\u00dfe Steffen M\u00fcller-Kaiser Wenn Sie in Eberstadt oder Darmstadt leben und Saxophonunterricht haben m\u00f6chten, k\u00f6nnen Sie diesen auch im Klangladen Eberstadt bekommen. https:\/\/www.musikladen-eberstadt.de\/musikunterricht\/steffen-mueller-kaiser","og_url":"https:\/\/saxophonunterricht-lorsch.de\/","og_site_name":"Saxophonunterricht Lorsch","article_modified_time":"2025-02-24T09:29:35+00:00","og_image":[{"url":"https:\/\/saxophonunterricht-lorsch.de\/wp-content\/uploads\/2023\/02\/IMG_3153-683x1024.jpg"}],"twitter_card":"summary_large_image","twitter_misc":{"Gesch\u00e4tzte Lesezeit":"1\u00a0Minute"},"schema":{"@context":"https:\/\/schema.org","@graph":[{"@type":"WebPage","@id":"https:\/\/saxophonunterricht-lorsch.de\/","url":"https:\/\/saxophonunterricht-lorsch.de\/","name":"Willkommen - Saxophonunterricht Lorsch","isPartOf":{"@id":"https:\/\/saxophonunterricht-lorsch.de\/#website"},"datePublished":"2023-04-23T13:50:30+00:00","dateModified":"2025-02-24T09:29:35+00:00","breadcrumb":{"@id":"https:\/\/saxophonunterricht-lorsch.de\/#breadcrumb"},"inLanguage":"de","potentialAction":[{"@type":"ReadAction","target":["https:\/\/saxophonunterricht-lorsch.de\/"]}]},{"@type":"BreadcrumbList","@id":"https:\/\/saxophonunterricht-lorsch.de\/#breadcrumb","itemListElement":[{"@type":"ListItem","position":1,"name":"Startseite","item":"https:\/\/saxophonunterricht-lorsch.de\/"},{"@type":"ListItem","position":2,"name":"Willkommen"}]},{"@type":"WebSite","@id":"https:\/\/saxophonunterricht-lorsch.de\/#website","url":"https:\/\/saxophonunterricht-lorsch.de\/","name":"Saxophonunterricht Lorsch","description":"Qualifizierter Saxophonunterricht in Lorsch, Bensheim, Heppenheim an der Bergstra\u00dfe","publisher":{"@id":"https:\/\/saxophonunterricht-lorsch.de\/#organization"},"potentialAction":[{"@type":"SearchAction","target":{"@type":"EntryPoint","urlTemplate":"https:\/\/saxophonunterricht-lorsch.de\/?s={search_term_string}"},"query-input":"required name=search_term_string"}],"inLanguage":"de"},{"@type":"Organization","@id":"https:\/\/saxophonunterricht-lorsch.de\/#organization","name":"Saxophonunterricht Lorsch","alternateName":"Instrumentalunterricht","url":"https:\/\/saxophonunterricht-lorsch.de\/","logo":{"@type":"ImageObject","inLanguage":"de","@id":"https:\/\/saxophonunterricht-lorsch.de\/#\/schema\/logo\/image\/","url":"https:\/\/saxophonunterricht-lorsch.de\/wp-content\/uploads\/2023\/01\/Scan-1.jpeg","contentUrl":"https:\/\/saxophonunterricht-lorsch.de\/wp-content\/uploads\/2023\/01\/Scan-1.jpeg","width":960,"height":1188,"caption":"Saxophonunterricht Lorsch"},"image":{"@id":"https:\/\/saxophonunterricht-lorsch.de\/#\/schema\/logo\/image\/"}}]}},"_links":{"self":[{"href":"https:\/\/saxophonunterricht-lorsch.de\/index.php?rest_route=\/wp\/v2\/pages\/114","targetHints":{"allow":["GET"]}}],"collection":[{"href":"https:\/\/saxophonunterricht-lorsch.de\/index.php?rest_route=\/wp\/v2\/pages"}],"about":[{"href":"https:\/\/saxophonunterricht-lorsch.de\/index.php?rest_route=\/wp\/v2\/types\/page"}],"author":[{"embeddable":true,"href":"https:\/\/saxophonunterricht-lorsch.de\/index.php?rest_route=\/wp\/v2\/users\/1"}],"replies":[{"embeddable":true,"href":"https:\/\/saxophonunterricht-lorsch.de\/index.php?rest_route=%2Fwp%2Fv2%2Fcomments&post=114"}],"version-history":[{"count":12,"href":"https:\/\/saxophonunterricht-lorsch.de\/index.php?rest_route=\/wp\/v2\/pages\/114\/revisions"}],"predecessor-version":[{"id":205,"href":"https:\/\/saxophonunterricht-lorsch.de\/index.php?rest_route=\/wp\/v2\/pages\/114\/revisions\/205"}],"wp:attachment":[{"href":"https:\/\/saxophonunterricht-lorsch.de\/index.php?rest_route=%2Fwp%2Fv2%2Fmedia&parent=114"}],"curies":[{"name":"wp","href":"https:\/\/api.w.org\/{rel}","templated":true}]}}