{"id":140,"date":"2023-04-13T19:32:49","date_gmt":"2023-04-13T17:32:49","guid":{"rendered":"https:\/\/saxophonunterricht-lorsch.de\/?page_id=140"},"modified":"2023-05-14T20:01:53","modified_gmt":"2023-05-14T18:01:53","slug":"impressum","status":"publish","type":"page","link":"https:\/\/saxophonunterricht-lorsch.de\/?page_id=140","title":{"rendered":"Impressum"},"content":{"rendered":"\n<h1>Impressum<\/h1>\n<h2 id=\"m46\">Diensteanbieter<\/h2>\n<p>Steffen M\u00fcller-Kaiser<\/p>\n<p>Heppenheimer Stra\u00dfe 113<\/p>\n<p>64653 Lorsch<\/p>\n<h2 id=\"m56\">Kontaktm\u00f6glichkeiten<\/h2>E-Mail-Adresse: <p>info@saxophonunterricht-lorsch.de<\/p>\nTelefon: <p>06251-9879482<\/p>\n<h2 id=\"m65\">Haftungs- und Schutzrechtshinweise<\/h2><p>Haftungsausschluss: Die Inhalte dieses Onlineangebotes wurden sorgf\u00e4ltig und nach unserem aktuellen Kenntnisstand erstellt, dienen jedoch nur der Information und entfalten keine rechtlich bindende Wirkung, sofern es sich nicht um gesetzlich verpflichtende Informationen (z.B. das Impressum, die Datenschutzerkl\u00e4rung, AGB oder verpflichtende Belehrungen von Verbrauchern) handelt. Wir behalten uns vor, die Inhalte vollst\u00e4ndig oder teilweise zu \u00e4ndern oder zu l\u00f6schen, soweit vertragliche Verpflichtungen unber\u00fchrt bleiben. Alle Angebote sind freibleibend und unverbindlich.<\/p>\n<p>Links auf fremde Webseiten: Die Inhalte fremder Webseiten, auf die wir direkt oder indirekt verweisen, liegen au\u00dferhalb unseres Verantwortungsbereiches und wir machen sie uns nicht zu Eigen. F\u00fcr alle Inhalte und Nachteile, die aus der Nutzung der in den verlinkten Webseiten aufrufbaren Informationen entstehen, \u00fcbernehmen wir keine Verantwortung.<\/p>\n<p>Urheberrechte und Markenrechte: Alle auf dieser Website dargestellten Inhalte, wie Texte, Fotografien, Grafiken, Marken und Warenzeichen sind durch die jeweiligen Schutzrechte (Urheberrechte, Markenrechte) gesch\u00fctzt. Die Verwendung, Vervielf\u00e4ltigung usw. unterliegen unseren Rechten oder den Rechten der jeweiligen Urheber bzw. Rechteinhaber.<\/p>\n<p>Hinweise auf Rechtsverst\u00f6\u00dfe: Sollten Sie innerhalb unseres Internetauftritts Rechtsverst\u00f6\u00dfe bemerken, bitten wir Sie uns auf diese hinzuweisen. Wir werden rechtswidrige Inhalte und Links nach Kenntnisnahme unverz\u00fcglich entfernen.<\/p>\n<p class=\"seal\"><a href=\"https:\/\/datenschutz-generator.de\/\" title=\"Rechtstext von Dr. Schwenke - f\u00fcr weitere Informationen bitte anklicken.\" target=\"_blank\" rel=\"noopener noreferrer nofollow\">Erstellt mit kostenlosem Datenschutz-Generator.de von Dr. Thomas Schwenke<\/a><\/p>\n","protected":false},"excerpt":{"rendered":"<p>Impressum Diensteanbieter Steffen M\u00fcller-Kaiser Heppenheimer Stra\u00dfe 113 64653 Lorsch Kontaktm\u00f6glichkeiten E-Mail-Adresse: info@saxophonunterricht-lorsch.de Telefon: 06251-9879482 Haftungs- und Schutzrechtshinweise Haftungsausschluss: Die Inhalte dieses Onlineangebotes wurden sorgf\u00e4ltig und nach unserem aktuellen Kenntnisstand erstellt, dienen jedoch nur der Information und entfalten keine rechtlich bindende Wirkung, sofern es sich nicht um gesetzlich verpflichtende Informationen (z.B. das Impressum, die Datenschutzerkl\u00e4rung, AGB [&hellip;]<\/p>\n","protected":false},"author":1,"featured_media":0,"parent":0,"menu_order":100,"comment_status":"closed","ping_status":"closed","template":"","meta":{"footnotes":""},"class_list":["post-140","page","type-page","status-publish","hentry"],"yoast_head":"<!-- This site is optimized with the Yoast SEO plugin v20.7 - https:\/\/yoast.com\/wordpress\/plugins\/seo\/ -->\n<title>Impressum - Saxophonunterricht Lorsch<\/title>\n<meta name=\"robots\" content=\"index, follow, max-snippet:-1, max-image-preview:large, max-video-preview:-1\" \/>\n<link rel=\"canonical\" href=\"https:\/\/saxophonunterricht-lorsch.de\/?page_id=140\" \/>\n<meta property=\"og:locale\" content=\"de_DE\" \/>\n<meta property=\"og:type\" content=\"article\" \/>\n<meta property=\"og:title\" content=\"Impressum - Saxophonunterricht Lorsch\" \/>\n<meta property=\"og:description\" content=\"Impressum Diensteanbieter Steffen M\u00fcller-Kaiser Heppenheimer Stra\u00dfe 113 64653 Lorsch Kontaktm\u00f6glichkeiten E-Mail-Adresse: info@saxophonunterricht-lorsch.de Telefon: 06251-9879482 Haftungs- und Schutzrechtshinweise Haftungsausschluss: Die Inhalte dieses Onlineangebotes wurden sorgf\u00e4ltig und nach unserem aktuellen Kenntnisstand erstellt, dienen jedoch nur der Information und entfalten keine rechtlich bindende Wirkung, sofern es sich nicht um gesetzlich verpflichtende Informationen (z.B. das Impressum, die Datenschutzerkl\u00e4rung, AGB [&hellip;]\" \/>\n<meta property=\"og:url\" content=\"https:\/\/saxophonunterricht-lorsch.de\/?page_id=140\" \/>\n<meta property=\"og:site_name\" content=\"Saxophonunterricht Lorsch\" \/>\n<meta property=\"article:modified_time\" content=\"2023-05-14T18:01:53+00:00\" \/>\n<meta name=\"twitter:card\" content=\"summary_large_image\" \/>\n<meta name=\"twitter:label1\" content=\"Gesch\u00e4tzte Lesezeit\" \/>\n\t<meta name=\"twitter:data1\" content=\"1\u00a0Minute\" \/>\n<script type=\"application\/ld+json\" class=\"yoast-schema-graph\">{\"@context\":\"https:\/\/schema.org\",\"@graph\":[{\"@type\":\"WebPage\",\"@id\":\"https:\/\/saxophonunterricht-lorsch.de\/?page_id=140\",\"url\":\"https:\/\/saxophonunterricht-lorsch.de\/?page_id=140\",\"name\":\"Impressum - Saxophonunterricht Lorsch\",\"isPartOf\":{\"@id\":\"https:\/\/saxophonunterricht-lorsch.de\/#website\"},\"datePublished\":\"2023-04-13T17:32:49+00:00\",\"dateModified\":\"2023-05-14T18:01:53+00:00\",\"breadcrumb\":{\"@id\":\"https:\/\/saxophonunterricht-lorsch.de\/?page_id=140#breadcrumb\"},\"inLanguage\":\"de\",\"potentialAction\":[{\"@type\":\"ReadAction\",\"target\":[\"https:\/\/saxophonunterricht-lorsch.de\/?page_id=140\"]}]},{\"@type\":\"BreadcrumbList\",\"@id\":\"https:\/\/saxophonunterricht-lorsch.de\/?page_id=140#breadcrumb\",\"itemListElement\":[{\"@type\":\"ListItem\",\"position\":1,\"name\":\"Startseite\",\"item\":\"https:\/\/saxophonunterricht-lorsch.de\/\"},{\"@type\":\"ListItem\",\"position\":2,\"name\":\"Impressum\"}]},{\"@type\":\"WebSite\",\"@id\":\"https:\/\/saxophonunterricht-lorsch.de\/#website\",\"url\":\"https:\/\/saxophonunterricht-lorsch.de\/\",\"name\":\"Saxophonunterricht Lorsch\",\"description\":\"Qualifizierter Saxophonunterricht in Lorsch, Bensheim, Heppenheim an der Bergstra\u00dfe\",\"publisher\":{\"@id\":\"https:\/\/saxophonunterricht-lorsch.de\/#organization\"},\"potentialAction\":[{\"@type\":\"SearchAction\",\"target\":{\"@type\":\"EntryPoint\",\"urlTemplate\":\"https:\/\/saxophonunterricht-lorsch.de\/?s={search_term_string}\"},\"query-input\":\"required name=search_term_string\"}],\"inLanguage\":\"de\"},{\"@type\":\"Organization\",\"@id\":\"https:\/\/saxophonunterricht-lorsch.de\/#organization\",\"name\":\"Saxophonunterricht Lorsch\",\"alternateName\":\"Instrumentalunterricht\",\"url\":\"https:\/\/saxophonunterricht-lorsch.de\/\",\"logo\":{\"@type\":\"ImageObject\",\"inLanguage\":\"de\",\"@id\":\"https:\/\/saxophonunterricht-lorsch.de\/#\/schema\/logo\/image\/\",\"url\":\"https:\/\/saxophonunterricht-lorsch.de\/wp-content\/uploads\/2023\/01\/Scan-1.jpeg\",\"contentUrl\":\"https:\/\/saxophonunterricht-lorsch.de\/wp-content\/uploads\/2023\/01\/Scan-1.jpeg\",\"width\":960,\"height\":1188,\"caption\":\"Saxophonunterricht Lorsch\"},\"image\":{\"@id\":\"https:\/\/saxophonunterricht-lorsch.de\/#\/schema\/logo\/image\/\"}}]}<\/script>\n<!-- \/ Yoast SEO plugin. -->","yoast_head_json":{"title":"Impressum - Saxophonunterricht Lorsch","robots":{"index":"index","follow":"follow","max-snippet":"max-snippet:-1","max-image-preview":"max-image-preview:large","max-video-preview":"max-video-preview:-1"},"canonical":"https:\/\/saxophonunterricht-lorsch.de\/?page_id=140","og_locale":"de_DE","og_type":"article","og_title":"Impressum - Saxophonunterricht Lorsch","og_description":"Impressum Diensteanbieter Steffen M\u00fcller-Kaiser Heppenheimer Stra\u00dfe 113 64653 Lorsch Kontaktm\u00f6glichkeiten E-Mail-Adresse: info@saxophonunterricht-lorsch.de Telefon: 06251-9879482 Haftungs- und Schutzrechtshinweise Haftungsausschluss: Die Inhalte dieses Onlineangebotes wurden sorgf\u00e4ltig und nach unserem aktuellen Kenntnisstand erstellt, dienen jedoch nur der Information und entfalten keine rechtlich bindende Wirkung, sofern es sich nicht um gesetzlich verpflichtende Informationen (z.B. das Impressum, die Datenschutzerkl\u00e4rung, AGB [&hellip;]","og_url":"https:\/\/saxophonunterricht-lorsch.de\/?page_id=140","og_site_name":"Saxophonunterricht Lorsch","article_modified_time":"2023-05-14T18:01:53+00:00","twitter_card":"summary_large_image","twitter_misc":{"Gesch\u00e4tzte Lesezeit":"1\u00a0Minute"},"schema":{"@context":"https:\/\/schema.org","@graph":[{"@type":"WebPage","@id":"https:\/\/saxophonunterricht-lorsch.de\/?page_id=140","url":"https:\/\/saxophonunterricht-lorsch.de\/?page_id=140","name":"Impressum - Saxophonunterricht Lorsch","isPartOf":{"@id":"https:\/\/saxophonunterricht-lorsch.de\/#website"},"datePublished":"2023-04-13T17:32:49+00:00","dateModified":"2023-05-14T18:01:53+00:00","breadcrumb":{"@id":"https:\/\/saxophonunterricht-lorsch.de\/?page_id=140#breadcrumb"},"inLanguage":"de","potentialAction":[{"@type":"ReadAction","target":["https:\/\/saxophonunterricht-lorsch.de\/?page_id=140"]}]},{"@type":"BreadcrumbList","@id":"https:\/\/saxophonunterricht-lorsch.de\/?page_id=140#breadcrumb","itemListElement":[{"@type":"ListItem","position":1,"name":"Startseite","item":"https:\/\/saxophonunterricht-lorsch.de\/"},{"@type":"ListItem","position":2,"name":"Impressum"}]},{"@type":"WebSite","@id":"https:\/\/saxophonunterricht-lorsch.de\/#website","url":"https:\/\/saxophonunterricht-lorsch.de\/","name":"Saxophonunterricht Lorsch","description":"Qualifizierter Saxophonunterricht in Lorsch, Bensheim, Heppenheim an der Bergstra\u00dfe","publisher":{"@id":"https:\/\/saxophonunterricht-lorsch.de\/#organization"},"potentialAction":[{"@type":"SearchAction","target":{"@type":"EntryPoint","urlTemplate":"https:\/\/saxophonunterricht-lorsch.de\/?s={search_term_string}"},"query-input":"required name=search_term_string"}],"inLanguage":"de"},{"@type":"Organization","@id":"https:\/\/saxophonunterricht-lorsch.de\/#organization","name":"Saxophonunterricht Lorsch","alternateName":"Instrumentalunterricht","url":"https:\/\/saxophonunterricht-lorsch.de\/","logo":{"@type":"ImageObject","inLanguage":"de","@id":"https:\/\/saxophonunterricht-lorsch.de\/#\/schema\/logo\/image\/","url":"https:\/\/saxophonunterricht-lorsch.de\/wp-content\/uploads\/2023\/01\/Scan-1.jpeg","contentUrl":"https:\/\/saxophonunterricht-lorsch.de\/wp-content\/uploads\/2023\/01\/Scan-1.jpeg","width":960,"height":1188,"caption":"Saxophonunterricht Lorsch"},"image":{"@id":"https:\/\/saxophonunterricht-lorsch.de\/#\/schema\/logo\/image\/"}}]}},"_links":{"self":[{"href":"https:\/\/saxophonunterricht-lorsch.de\/index.php?rest_route=\/wp\/v2\/pages\/140","targetHints":{"allow":["GET"]}}],"collection":[{"href":"https:\/\/saxophonunterricht-lorsch.de\/index.php?rest_route=\/wp\/v2\/pages"}],"about":[{"href":"https:\/\/saxophonunterricht-lorsch.de\/index.php?rest_route=\/wp\/v2\/types\/page"}],"author":[{"embeddable":true,"href":"https:\/\/saxophonunterricht-lorsch.de\/index.php?rest_route=\/wp\/v2\/users\/1"}],"replies":[{"embeddable":true,"href":"https:\/\/saxophonunterricht-lorsch.de\/index.php?rest_route=%2Fwp%2Fv2%2Fcomments&post=140"}],"version-history":[{"count":2,"href":"https:\/\/saxophonunterricht-lorsch.de\/index.php?rest_route=\/wp\/v2\/pages\/140\/revisions"}],"predecessor-version":[{"id":154,"href":"https:\/\/saxophonunterricht-lorsch.de\/index.php?rest_route=\/wp\/v2\/pages\/140\/revisions\/154"}],"wp:attachment":[{"href":"https:\/\/saxophonunterricht-lorsch.de\/index.php?rest_route=%2Fwp%2Fv2%2Fmedia&parent=140"}],"curies":[{"name":"wp","href":"https:\/\/api.w.org\/{rel}","templated":true}]}}