{"id":81,"date":"2023-04-12T18:15:03","date_gmt":"2023-04-12T16:15:03","guid":{"rendered":"http:\/\/saxophonunterricht-lorsch.de\/?page_id=81"},"modified":"2024-11-17T11:07:08","modified_gmt":"2024-11-17T10:07:08","slug":"ueber-mich","status":"publish","type":"page","link":"https:\/\/saxophonunterricht-lorsch.de\/?page_id=81","title":{"rendered":"\u00dcber mich"},"content":{"rendered":"<div class=\"wp-block-image\">\n<figure class=\"aligncenter size-medium\"><img loading=\"lazy\" decoding=\"async\" width=\"300\" height=\"201\" src=\"http:\/\/saxophonunterricht-lorsch.de\/wp-content\/uploads\/2023\/01\/Organ-Explosion-4-300x201.jpeg\" alt=\"\" class=\"wp-image-83\" srcset=\"https:\/\/saxophonunterricht-lorsch.de\/wp-content\/uploads\/2023\/01\/Organ-Explosion-4-300x201.jpeg 300w, https:\/\/saxophonunterricht-lorsch.de\/wp-content\/uploads\/2023\/01\/Organ-Explosion-4-1024x686.jpeg 1024w, https:\/\/saxophonunterricht-lorsch.de\/wp-content\/uploads\/2023\/01\/Organ-Explosion-4-768x514.jpeg 768w, https:\/\/saxophonunterricht-lorsch.de\/wp-content\/uploads\/2023\/01\/Organ-Explosion-4-1200x803.jpeg 1200w, https:\/\/saxophonunterricht-lorsch.de\/wp-content\/uploads\/2023\/01\/Organ-Explosion-4.jpeg 1280w\" sizes=\"auto, (max-width: 300px) 100vw, 300px\" \/><figcaption class=\"wp-element-caption\">Foto:Udo Binding<\/figcaption><\/figure>\n<\/div>\n\n\n<h5 class=\"wp-block-heading\">Biografie<\/h5>\n\n\n\n<h2 class=\"wp-block-heading has-normal-font-size\">Steffen M\u00fcller-Kaiser<\/h2>\n\n\n\n<p>Diplommusiker<\/p>\n\n\n\n<ul class=\"wp-block-list\">\n<li>Geboren 1968 in Bensheim an der Bergstra\u00dfe<\/li>\n\n\n\n<li>Unterricht in den F\u00e4chern Saxophon und Klarinette bei Wilma Kruse am Konservatorium Berstra\u00dfe<\/li>\n\n\n\n<li>1997 bis 2002 Jazz und Popularmusik-Studium an der Musikhochschule Weimar bei Professor Wolfgang Bleibel<\/li>\n\n\n\n<li>Seit 25 Jahren als Lehrer f\u00fcr die F\u00e4cher Saxophon, Klarinette und Improvisation t\u00e4tig<\/li>\n\n\n\n<li>Mehrj\u00e4hrige T\u00e4tigkeit als Musiker bei Musical und Theaterproduktionen z.B. Hessisches Staatstheater Wiesbaden, Westside Theatre Darmstadt, Projekt Jugend und Theater Darmstadt<\/li>\n\n\n\n<li>Regelm\u00e4\u00dfige T\u00e4tigkeit als Jazz-Musiker und Sideman<\/li>\n\n\n\n<li>Regelm\u00e4\u00dfige T\u00e4tigkeit als Studiomusiker<\/li>\n<\/ul>\n\n\n\n<div class=\"wp-block-columns are-vertically-aligned-top is-layout-flex wp-container-core-columns-is-layout-9d6595d7 wp-block-columns-is-layout-flex\">\n<div class=\"wp-block-column is-vertically-aligned-top has-secondary-color has-background-background-color has-text-color has-background has-small-font-size is-layout-flow wp-block-column-is-layout-flow\">\n<p><\/p>\n\n\n\n<p><\/p>\n\n\n\n<p><\/p>\n<\/div>\n<\/div>\n","protected":false},"excerpt":{"rendered":"<p>Biografie Steffen M\u00fcller-Kaiser Diplommusiker<\/p>\n","protected":false},"author":1,"featured_media":0,"parent":0,"menu_order":20,"comment_status":"closed","ping_status":"closed","template":"","meta":{"footnotes":""},"class_list":["post-81","page","type-page","status-publish","hentry"],"yoast_head":"<!-- This site is optimized with the Yoast SEO plugin v20.7 - https:\/\/yoast.com\/wordpress\/plugins\/seo\/ -->\n<title>\u00dcber mich - Saxophonunterricht Lorsch<\/title>\n<meta name=\"description\" content=\"Jazz und Popularmusikstudium an der Musikhochschule in Weimar. Ich erteile seit 25 Jahren Unterricht in den F\u00e4chern Saxophon und Klarinette.\" \/>\n<meta name=\"robots\" content=\"index, follow, max-snippet:-1, max-image-preview:large, max-video-preview:-1\" \/>\n<link rel=\"canonical\" href=\"https:\/\/saxophonunterricht-lorsch.de\/?page_id=81\" \/>\n<meta property=\"og:locale\" content=\"de_DE\" \/>\n<meta property=\"og:type\" content=\"article\" \/>\n<meta property=\"og:title\" content=\"\u00dcber mich - Saxophonunterricht Lorsch\" \/>\n<meta property=\"og:description\" content=\"Jazz und Popularmusikstudium an der Musikhochschule in Weimar. Ich erteile seit 25 Jahren Unterricht in den F\u00e4chern Saxophon und Klarinette.\" \/>\n<meta property=\"og:url\" content=\"https:\/\/saxophonunterricht-lorsch.de\/?page_id=81\" \/>\n<meta property=\"og:site_name\" content=\"Saxophonunterricht Lorsch\" \/>\n<meta property=\"article:modified_time\" content=\"2024-11-17T10:07:08+00:00\" \/>\n<meta property=\"og:image\" content=\"http:\/\/saxophonunterricht-lorsch.de\/wp-content\/uploads\/2023\/01\/Organ-Explosion-4-300x201.jpeg\" \/>\n<meta name=\"twitter:card\" content=\"summary_large_image\" \/>\n<meta name=\"twitter:label1\" content=\"Gesch\u00e4tzte Lesezeit\" \/>\n\t<meta name=\"twitter:data1\" content=\"1\u00a0Minute\" \/>\n<script type=\"application\/ld+json\" class=\"yoast-schema-graph\">{\"@context\":\"https:\/\/schema.org\",\"@graph\":[{\"@type\":\"WebPage\",\"@id\":\"https:\/\/saxophonunterricht-lorsch.de\/?page_id=81\",\"url\":\"https:\/\/saxophonunterricht-lorsch.de\/?page_id=81\",\"name\":\"\u00dcber mich - Saxophonunterricht Lorsch\",\"isPartOf\":{\"@id\":\"https:\/\/saxophonunterricht-lorsch.de\/#website\"},\"datePublished\":\"2023-04-12T16:15:03+00:00\",\"dateModified\":\"2024-11-17T10:07:08+00:00\",\"description\":\"Jazz und Popularmusikstudium an der Musikhochschule in Weimar. Ich erteile seit 25 Jahren Unterricht in den F\u00e4chern Saxophon und Klarinette.\",\"breadcrumb\":{\"@id\":\"https:\/\/saxophonunterricht-lorsch.de\/?page_id=81#breadcrumb\"},\"inLanguage\":\"de\",\"potentialAction\":[{\"@type\":\"ReadAction\",\"target\":[\"https:\/\/saxophonunterricht-lorsch.de\/?page_id=81\"]}]},{\"@type\":\"BreadcrumbList\",\"@id\":\"https:\/\/saxophonunterricht-lorsch.de\/?page_id=81#breadcrumb\",\"itemListElement\":[{\"@type\":\"ListItem\",\"position\":1,\"name\":\"Startseite\",\"item\":\"https:\/\/saxophonunterricht-lorsch.de\/\"},{\"@type\":\"ListItem\",\"position\":2,\"name\":\"\u00dcber mich\"}]},{\"@type\":\"WebSite\",\"@id\":\"https:\/\/saxophonunterricht-lorsch.de\/#website\",\"url\":\"https:\/\/saxophonunterricht-lorsch.de\/\",\"name\":\"Saxophonunterricht Lorsch\",\"description\":\"Qualifizierter Saxophonunterricht in Lorsch, Bensheim, Heppenheim an der Bergstra\u00dfe\",\"publisher\":{\"@id\":\"https:\/\/saxophonunterricht-lorsch.de\/#organization\"},\"potentialAction\":[{\"@type\":\"SearchAction\",\"target\":{\"@type\":\"EntryPoint\",\"urlTemplate\":\"https:\/\/saxophonunterricht-lorsch.de\/?s={search_term_string}\"},\"query-input\":\"required name=search_term_string\"}],\"inLanguage\":\"de\"},{\"@type\":\"Organization\",\"@id\":\"https:\/\/saxophonunterricht-lorsch.de\/#organization\",\"name\":\"Saxophonunterricht Lorsch\",\"alternateName\":\"Instrumentalunterricht\",\"url\":\"https:\/\/saxophonunterricht-lorsch.de\/\",\"logo\":{\"@type\":\"ImageObject\",\"inLanguage\":\"de\",\"@id\":\"https:\/\/saxophonunterricht-lorsch.de\/#\/schema\/logo\/image\/\",\"url\":\"https:\/\/saxophonunterricht-lorsch.de\/wp-content\/uploads\/2023\/01\/Scan-1.jpeg\",\"contentUrl\":\"https:\/\/saxophonunterricht-lorsch.de\/wp-content\/uploads\/2023\/01\/Scan-1.jpeg\",\"width\":960,\"height\":1188,\"caption\":\"Saxophonunterricht Lorsch\"},\"image\":{\"@id\":\"https:\/\/saxophonunterricht-lorsch.de\/#\/schema\/logo\/image\/\"}}]}<\/script>\n<!-- \/ Yoast SEO plugin. -->","yoast_head_json":{"title":"\u00dcber mich - Saxophonunterricht Lorsch","description":"Jazz und Popularmusikstudium an der Musikhochschule in Weimar. Ich erteile seit 25 Jahren Unterricht in den F\u00e4chern Saxophon und Klarinette.","robots":{"index":"index","follow":"follow","max-snippet":"max-snippet:-1","max-image-preview":"max-image-preview:large","max-video-preview":"max-video-preview:-1"},"canonical":"https:\/\/saxophonunterricht-lorsch.de\/?page_id=81","og_locale":"de_DE","og_type":"article","og_title":"\u00dcber mich - Saxophonunterricht Lorsch","og_description":"Jazz und Popularmusikstudium an der Musikhochschule in Weimar. Ich erteile seit 25 Jahren Unterricht in den F\u00e4chern Saxophon und Klarinette.","og_url":"https:\/\/saxophonunterricht-lorsch.de\/?page_id=81","og_site_name":"Saxophonunterricht Lorsch","article_modified_time":"2024-11-17T10:07:08+00:00","og_image":[{"url":"http:\/\/saxophonunterricht-lorsch.de\/wp-content\/uploads\/2023\/01\/Organ-Explosion-4-300x201.jpeg"}],"twitter_card":"summary_large_image","twitter_misc":{"Gesch\u00e4tzte Lesezeit":"1\u00a0Minute"},"schema":{"@context":"https:\/\/schema.org","@graph":[{"@type":"WebPage","@id":"https:\/\/saxophonunterricht-lorsch.de\/?page_id=81","url":"https:\/\/saxophonunterricht-lorsch.de\/?page_id=81","name":"\u00dcber mich - Saxophonunterricht Lorsch","isPartOf":{"@id":"https:\/\/saxophonunterricht-lorsch.de\/#website"},"datePublished":"2023-04-12T16:15:03+00:00","dateModified":"2024-11-17T10:07:08+00:00","description":"Jazz und Popularmusikstudium an der Musikhochschule in Weimar. Ich erteile seit 25 Jahren Unterricht in den F\u00e4chern Saxophon und Klarinette.","breadcrumb":{"@id":"https:\/\/saxophonunterricht-lorsch.de\/?page_id=81#breadcrumb"},"inLanguage":"de","potentialAction":[{"@type":"ReadAction","target":["https:\/\/saxophonunterricht-lorsch.de\/?page_id=81"]}]},{"@type":"BreadcrumbList","@id":"https:\/\/saxophonunterricht-lorsch.de\/?page_id=81#breadcrumb","itemListElement":[{"@type":"ListItem","position":1,"name":"Startseite","item":"https:\/\/saxophonunterricht-lorsch.de\/"},{"@type":"ListItem","position":2,"name":"\u00dcber mich"}]},{"@type":"WebSite","@id":"https:\/\/saxophonunterricht-lorsch.de\/#website","url":"https:\/\/saxophonunterricht-lorsch.de\/","name":"Saxophonunterricht Lorsch","description":"Qualifizierter Saxophonunterricht in Lorsch, Bensheim, Heppenheim an der Bergstra\u00dfe","publisher":{"@id":"https:\/\/saxophonunterricht-lorsch.de\/#organization"},"potentialAction":[{"@type":"SearchAction","target":{"@type":"EntryPoint","urlTemplate":"https:\/\/saxophonunterricht-lorsch.de\/?s={search_term_string}"},"query-input":"required name=search_term_string"}],"inLanguage":"de"},{"@type":"Organization","@id":"https:\/\/saxophonunterricht-lorsch.de\/#organization","name":"Saxophonunterricht Lorsch","alternateName":"Instrumentalunterricht","url":"https:\/\/saxophonunterricht-lorsch.de\/","logo":{"@type":"ImageObject","inLanguage":"de","@id":"https:\/\/saxophonunterricht-lorsch.de\/#\/schema\/logo\/image\/","url":"https:\/\/saxophonunterricht-lorsch.de\/wp-content\/uploads\/2023\/01\/Scan-1.jpeg","contentUrl":"https:\/\/saxophonunterricht-lorsch.de\/wp-content\/uploads\/2023\/01\/Scan-1.jpeg","width":960,"height":1188,"caption":"Saxophonunterricht Lorsch"},"image":{"@id":"https:\/\/saxophonunterricht-lorsch.de\/#\/schema\/logo\/image\/"}}]}},"_links":{"self":[{"href":"https:\/\/saxophonunterricht-lorsch.de\/index.php?rest_route=\/wp\/v2\/pages\/81","targetHints":{"allow":["GET"]}}],"collection":[{"href":"https:\/\/saxophonunterricht-lorsch.de\/index.php?rest_route=\/wp\/v2\/pages"}],"about":[{"href":"https:\/\/saxophonunterricht-lorsch.de\/index.php?rest_route=\/wp\/v2\/types\/page"}],"author":[{"embeddable":true,"href":"https:\/\/saxophonunterricht-lorsch.de\/index.php?rest_route=\/wp\/v2\/users\/1"}],"replies":[{"embeddable":true,"href":"https:\/\/saxophonunterricht-lorsch.de\/index.php?rest_route=%2Fwp%2Fv2%2Fcomments&post=81"}],"version-history":[{"count":13,"href":"https:\/\/saxophonunterricht-lorsch.de\/index.php?rest_route=\/wp\/v2\/pages\/81\/revisions"}],"predecessor-version":[{"id":196,"href":"https:\/\/saxophonunterricht-lorsch.de\/index.php?rest_route=\/wp\/v2\/pages\/81\/revisions\/196"}],"wp:attachment":[{"href":"https:\/\/saxophonunterricht-lorsch.de\/index.php?rest_route=%2Fwp%2Fv2%2Fmedia&parent=81"}],"curies":[{"name":"wp","href":"https:\/\/api.w.org\/{rel}","templated":true}]}}